{"id":708,"date":"2014-11-10T19:00:44","date_gmt":"2014-11-10T18:00:44","guid":{"rendered":"http:\/\/mdiabete.gouv.sn\/\/?page_id=708"},"modified":"2021-04-12T08:01:12","modified_gmt":"2021-04-12T07:01:12","slug":"m-diabete-programme-de-lutte-contre-le-diabete","status":"publish","type":"page","link":"https:\/\/mdiabete.gouv.sn\/","title":{"rendered":"Lancement de la Campagne mRamadan 2021"},"content":{"rendered":"<p>Ecouter le spot radio de la campagne mRamadan 2021:<\/p>\n<p>En Wolof:<br \/><audio class=\"wp-audio-shortcode\" id=\"audio-708-1\" preload=\"none\" style=\"width: 100%;\" controls=\"controls\"><source type=\"audio\/mpeg\" src=\"http:\/\/mdiabete.gouv.sn\/\/wp-content\/uploads\/2021_mramadan_wlf.mp3?_=1\" \/><a href=\"http:\/\/mdiabete.gouv.sn\/\/wp-content\/uploads\/2021_mramadan_wlf.mp3\">http:\/\/mdiabete.gouv.sn\/\/wp-content\/uploads\/2021_mramadan_wlf.mp3<\/a><\/audio><\/p>\n<p>En Fran\u00e7ais:<br \/><audio class=\"wp-audio-shortcode\" id=\"audio-708-2\" preload=\"none\" style=\"width: 100%;\" controls=\"controls\"><source type=\"audio\/mpeg\" src=\"http:\/\/mdiabete.gouv.sn\/\/wp-content\/uploads\/2021_mramadan_fr.mp3?_=2\" \/><a href=\"http:\/\/mdiabete.gouv.sn\/\/wp-content\/uploads\/2021_mramadan_fr.mp3\">http:\/\/mdiabete.gouv.sn\/\/wp-content\/uploads\/2021_mramadan_fr.mp3<\/a><\/audio><\/p>\n<\/p>\n<h2 class=\"titre\">Campagne mRamadan 2020 : un succ\u00e8s confirmm\u00e9<\/h2>\n<p>Ecouter le spot radio de la campagne mRamadan 2020:<\/p>\n<p>En Wolof:<br \/><audio class=\"wp-audio-shortcode\" id=\"audio-708-3\" preload=\"none\" style=\"width: 100%;\" controls=\"controls\"><source type=\"audio\/mpeg\" src=\"http:\/\/mdiabete.gouv.sn\/\/wp-content\/uploads\/2020\/04\/PUB_MRAMADAN_WLF.mp3?_=3\" \/><a href=\"http:\/\/mdiabete.gouv.sn\/\/wp-content\/uploads\/2020\/04\/PUB_MRAMADAN_WLF.mp3\">http:\/\/mdiabete.gouv.sn\/\/wp-content\/uploads\/2020\/04\/PUB_MRAMADAN_WLF.mp3<\/a><\/audio><\/p>\n<p>En Fran\u00e7ais:<br \/><audio class=\"wp-audio-shortcode\" id=\"audio-708-4\" preload=\"none\" style=\"width: 100%;\" controls=\"controls\"><source type=\"audio\/mpeg\" src=\"http:\/\/mdiabete.gouv.sn\/\/wp-content\/uploads\/2020\/04\/PUB_MRAMADAN_FR.mp3?_=4\" \/><a href=\"http:\/\/mdiabete.gouv.sn\/\/wp-content\/uploads\/2020\/04\/PUB_MRAMADAN_FR.mp3\">http:\/\/mdiabete.gouv.sn\/\/wp-content\/uploads\/2020\/04\/PUB_MRAMADAN_FR.mp3<\/a><\/audio><\/p>\n<\/p>\n<p>Pour vous inscrire et recevoir tous les message de pr\u00e9vention, envoyez \u00ab <strong>DIAB<\/strong> \u00bb au <strong>2114 <\/strong>depuis votre t\u00e9l\u00e9phone portable.<\/p>\n<h2 class=\"titre\">Campagne mRamadan 2019 : un succ\u00e8s national<\/h2>\n<p>Ecouter le spot radio de la campagne mRamadan 2019<\/p>\n<audio class=\"wp-audio-shortcode\" id=\"audio-708-5\" preload=\"none\" style=\"width: 100%;\" controls=\"controls\"><source type=\"audio\/mpeg\" src=\"http:\/\/mdiabete.gouv.sn\/\/wp-content\/uploads\/2019\/06\/2019-Spot_mdiabete.mp3?_=5\" \/><a href=\"http:\/\/mdiabete.gouv.sn\/\/wp-content\/uploads\/2019\/06\/2019-Spot_mdiabete.mp3\">http:\/\/mdiabete.gouv.sn\/\/wp-content\/uploads\/2019\/06\/2019-Spot_mdiabete.mp3<\/a><\/audio>\n<p>&nbsp;<\/p>\n<p><img loading=\"lazy\" decoding=\"async\" class=\"alignnone size-full wp-image-966\" src=\"http:\/\/mdiabete.gouv.sn\/\/wp-content\/uploads\/2017\/05\/affiche_ramadan2017.jpg\" alt=\"\" width=\"900\" height=\"637\" \/><\/p>\n<p><a class=\"inscription\" style=\"width: 250px;\" href=\"\/?p=453\">Inscrivez-vous et recevez gratuitement les SMS de conseils Diab\u00e8te et Ramadan<\/a><\/p>\n<h2 class=\"titre\">Ecouter les spots radio de la campagne mRamadan 2018<\/h2>\n<div class=\"wp-playlist wp-audio-playlist wp-playlist-light\">\n\t\t\t<div class=\"wp-playlist-current-item\"><\/div>\n\t\t<audio controls=\"controls\" preload=\"none\" width=\"698\"\n\t\t\t><\/audio>\n\t<div class=\"wp-playlist-next\"><\/div>\n\t<div class=\"wp-playlist-prev\"><\/div>\n\t<noscript>\n\t<ol>\n\t\t<li><a href='https:\/\/mdiabete.gouv.sn\/wp-content\/uploads\/2018\/05\/2018-M-DIABETE-FR.mp3'>Campagne mRamadan 2018 en fran\u00e7ais<\/a><\/li><li><a href='https:\/\/mdiabete.gouv.sn\/wp-content\/uploads\/2018\/05\/2018-M-DIABETE-WOLOF.mp3'>Campagne mRamadan 2018 en Wolof<\/a><\/li>\t<\/ol>\n\t<\/noscript>\n\t<script type=\"application\/json\" class=\"wp-playlist-script\">{\"type\":\"audio\",\"tracklist\":true,\"tracknumbers\":true,\"images\":true,\"artists\":true,\"tracks\":[{\"src\":\"https:\/\/mdiabete.gouv.sn\/wp-content\/uploads\/2018\/05\/2018-M-DIABETE-FR.mp3\",\"type\":\"audio\/mpeg\",\"title\":\"Campagne mRamadan 2018 en fran\\u00e7ais\",\"caption\":\"\",\"description\":\"\\u003Ci\\u003E2018-M DIABETE-FR\\u003C\/i\\u003E.\",\"meta\":{\"length_formatted\":\"1:13\"},\"image\":{\"src\":\"https:\/\/mdiabete.gouv.sn\/wp-includes\/images\/media\/audio.svg\",\"width\":48,\"height\":64},\"thumb\":{\"src\":\"https:\/\/mdiabete.gouv.sn\/wp-includes\/images\/media\/audio.svg\",\"width\":48,\"height\":64}},{\"src\":\"https:\/\/mdiabete.gouv.sn\/wp-content\/uploads\/2018\/05\/2018-M-DIABETE-WOLOF.mp3\",\"type\":\"audio\/mpeg\",\"title\":\"Campagne mRamadan 2018 en Wolof\",\"caption\":\"\",\"description\":\"\\u003Ci\\u003E2018-M DIABETE-WOLOF\\u003C\/i\\u003E.\",\"meta\":{\"length_formatted\":\"1:42\"},\"image\":{\"src\":\"https:\/\/mdiabete.gouv.sn\/wp-includes\/images\/media\/audio.svg\",\"width\":48,\"height\":64},\"thumb\":{\"src\":\"https:\/\/mdiabete.gouv.sn\/wp-includes\/images\/media\/audio.svg\",\"width\":48,\"height\":64}}]}<\/script>\n<\/div>\n\t\n<p>&nbsp;<\/p>\n<h2 style=\"text-align: center;\"><strong>ARCHIVES DES ANCIENNES CAMPAGNES MDIABETE<br \/>\n <\/strong><\/h2>\n<hr \/>\n<h2 class=\"titre\">SENEGAL-SANTE : LANCEMENT D\u2019ACTIVIT\u00c9S DE SOUTIEN AUX DIAB\u00c9TIQUES, VENDREDI<\/h2>\n<p><a href=\"http:\/\/aps.sn\/actualites\/agenda\/article\/lancement-d-activites-de-soutien-aux-diabetiques-vendredi\"><img loading=\"lazy\" decoding=\"async\" class=\"alignnone wp-image-998 size-full\" src=\"http:\/\/mdiabete.gouv.sn\/\/wp-content\/uploads\/aps.png\" width=\"888\" height=\"586\" \/><\/a><\/p>\n<h2 class=\"titre\">CGTN Africa &#8211; reportage TV mDiab\u00e8te et ramadan (en anglais)<\/h2>\n<p><iframe loading=\"lazy\" src=\"https:\/\/www.youtube.com\/embed\/348Ej33Ggmo?rel=0\" width=\"560\" height=\"315\" frameborder=\"0\" allowfullscreen=\"allowfullscreen\"><\/iframe><\/p>\n<h2 class=\"titre\">15 Mai 2017 &#8211; Conf\u00e9rence de presse pour le lancement de la nouvelle campagne mRamadan<\/h2>\n<p class=\"titre\"><img loading=\"lazy\" decoding=\"async\" class=\"alignnone size-full wp-image-991\" src=\"http:\/\/mdiabete.gouv.sn\/\/wp-content\/uploads\/20170515_105155_resized.jpg\" alt=\"\" width=\"800\" height=\"450\" \/><\/p>\n<p class=\"titre\"><img loading=\"lazy\" decoding=\"async\" class=\"alignnone size-full wp-image-989\" src=\"http:\/\/mdiabete.gouv.sn\/\/wp-content\/uploads\/20170515_105122_resized.jpg\" alt=\"\" width=\"800\" height=\"450\" \/> <img loading=\"lazy\" decoding=\"async\" class=\"alignnone size-full wp-image-987\" src=\"http:\/\/mdiabete.gouv.sn\/\/wp-content\/uploads\/20170515_103720_002_resized.jpg\" alt=\"\" width=\"800\" height=\"450\" \/><\/p>\n<h2 class=\"titre\">15 Mai 2017 : Nouvelle campagne SMS mRamadan<\/h2>\n<p><img loading=\"lazy\" decoding=\"async\" class=\"alignnone size-full wp-image-966\" src=\"http:\/\/mdiabete.gouv.sn\/\/wp-content\/uploads\/2017\/05\/affiche_ramadan2017.jpg\" alt=\"\" width=\"900\" height=\"637\" \/><\/p>\n<p><a class=\"inscription\" style=\"width: 250px;\" href=\"\/?p=453\">Inscrivez-vous et recevez gratuitement les SMS de conseils Diab\u00e8te et Ramadan<\/a><\/p>\n<hr style=\"color: #000; border: solid 1px black;\" \/>\n<h2 class=\"titre\">14 Novembre : Journ\u00e9e mondiale du diab\u00e8te<\/h2>\n<p><img loading=\"lazy\" decoding=\"async\" class=\"alignnone size-full wp-image-958\" src=\"http:\/\/mdiabete.gouv.sn\/\/wp-content\/uploads\/CARTON-DINVITATION.png\" alt=\"CARTON-DINVITATION\" width=\"800\" height=\"1119\" \/><\/p>\n<p>mdiab\u00e8te et le programme international Be Healthy Be Mobile vont vous envoyer des messages de pr\u00e9vention et de contr\u00f4le du diab\u00e8te. Partagez les avec vos parents et amis.<\/p>\n<p><a class=\"inscription\" style=\"width: 250px;\" href=\"\/?p=453\">Pour recevoir les SMS, inscivez-vous au programme m-Diab\u00e8te<\/a><\/p>\n<p>&nbsp;<\/p>\n<p><img loading=\"lazy\" decoding=\"async\" class=\"alignleft wp-image-744\" src=\"http:\/\/mdiabete.gouv.sn\/\/wp-content\/uploads\/2014\/11\/Journee-mondiale-diabete-267x300.png\" alt=\"Journee-mondiale-diabete\" width=\"314\" height=\"352\" srcset=\"https:\/\/mdiabete.gouv.sn\/wp-content\/uploads\/2014\/11\/Journee-mondiale-diabete-267x300.png 267w, https:\/\/mdiabete.gouv.sn\/wp-content\/uploads\/2014\/11\/Journee-mondiale-diabete.png 321w\" sizes=\"auto, (max-width: 314px) 100vw, 314px\" \/><\/p>\n<p><a href=\"http:\/\/mdiabete.gouv.sn\/\/wp-content\/uploads\/2014\/03\/assad-logo.jpg\"><img loading=\"lazy\" decoding=\"async\" class=\"alignnone wp-image-84\" src=\"http:\/\/mdiabete.gouv.sn\/\/wp-content\/uploads\/2014\/03\/assad-logo-150x150.jpg\" alt=\"assad logo\" width=\"65\" height=\"65\" srcset=\"https:\/\/mdiabete.gouv.sn\/wp-content\/uploads\/2014\/03\/assad-logo-150x150.jpg 150w, https:\/\/mdiabete.gouv.sn\/wp-content\/uploads\/2014\/03\/assad-logo-36x36.jpg 36w, https:\/\/mdiabete.gouv.sn\/wp-content\/uploads\/2014\/03\/assad-logo-115x115.jpg 115w, https:\/\/mdiabete.gouv.sn\/wp-content\/uploads\/2014\/03\/assad-logo.jpg 160w\" sizes=\"auto, (max-width: 65px) 100vw, 65px\" \/><\/a> <a href=\"http:\/\/mdiabete.gouv.sn\/\/wp-content\/uploads\/2014\/11\/idf-logo.png\"><img loading=\"lazy\" decoding=\"async\" class=\"alignnone wp-image-754\" src=\"http:\/\/mdiabete.gouv.sn\/\/wp-content\/uploads\/2014\/11\/idf-logo.png\" alt=\"idf-logo\" width=\"171\" height=\"65\" \/><\/a><br \/>\n La Journ\u00e9e Mondiale du Diab\u00e8te est organis\u00e9e par la F\u00e9d\u00e9ration Internationale du Diab\u00e8te (FID) et soutenue par l&rsquo;Organisation Mondiale de la Sant\u00e9 (<strong>OMS<\/strong>). Elle est la plus importante campagne mondiale de sensibilisation au diab\u00e8te. Elle a \u00e9t\u00e9 lanc\u00e9e en 1991 comme r\u00e9ponse \u00e0 l\u2019escalade de l\u2019incidence du diab\u00e8te dans le monde. Depuis, elle a gagn\u00e9 en popularit\u00e9 et rassemble d\u00e9sormais des millions de personnes dans le monde entier, dont les leaders d\u2019opinion, les professionnels et prestataires de soins de sant\u00e9, les m\u00e9dias, les personnes atteintes de diab\u00e8te, et le grand public.<\/p>\n<p><a class=\"lire-suite\" href=\"http:\/\/mdiabete.gouv.sn\/\/?p=745\">Lire la suite<\/a><\/p>\n<p>&nbsp;<\/p>\n<h2 class=\"titre\">RFI : S\u00e9n\u00e9gal: des conseils de sant\u00e9 pour les diab\u00e9tiques durant le ramadan<\/h2>\n<p>Diffusion sur RFI : dimanche 19 juin 2016 <br \/>\n <a href=\"http:\/\/www.rfi.fr\/emission\/20160619-senegal-conseils-sante-diabetiques-durant-le-ramadan\" target=\"_blank\" rel=\"noopener\"><br \/>\n <img loading=\"lazy\" decoding=\"async\" class=\"\" src=\"http:\/\/scd.rfi.fr\/sites\/filesrfi\/imagecache\/rfi_large_600_338\/sites\/images.rfi.fr\/files\/aef_image\/Kenya%20Telephone_0.jpg\" alt=\"S\u00e9n\u00e9gal: des conseils de sant\u00e9 pour les diab\u00e9tiques durant le ramadan\" width=\"209\" height=\"118\" \/><br \/>\n <\/a><\/p>\n<audio class=\"wp-audio-shortcode\" id=\"audio-708-6\" preload=\"none\" style=\"width: 100%;\" controls=\"controls\"><source type=\"audio\/mpeg\" src=\"http:\/\/mdiabete.gouv.sn\/\/wp-content\/uploads\/RFI-Seneegal-des-conseils-de-sante-pour-les-diabeetiques.mp3?_=6\" \/><a href=\"http:\/\/mdiabete.gouv.sn\/\/wp-content\/uploads\/RFI-Seneegal-des-conseils-de-sante-pour-les-diabeetiques.mp3\">http:\/\/mdiabete.gouv.sn\/\/wp-content\/uploads\/RFI-Seneegal-des-conseils-de-sante-pour-les-diabeetiques.mp3<\/a><\/audio>\n<p><a href=\"http:\/\/www.rfi.fr\/emission\/20160619-senegal-conseils-sante-diabetiques-durant-le-ramadan\" target=\"_blank\" rel=\"noopener\">\u00a0<\/a><\/p>\n<h2 class=\"titre\">mDiab\u00e8te : le t\u00e9l\u00e9phone mobile au service de la lutte contre le diab\u00e8te<\/h2>\n<p>Article du Pr Maimouna Ndour Mbaye, diab\u00e9togue, pour le journal \u00ab\u00a0Votre Sant\u00e9\u00a0\u00bb Juin 2016 <br \/>\n <a href=\"http:\/\/mdiabete.gouv.sn\/\/wp-content\/uploads\/2016\/06\/mramadan2016.pdf\" target=\"_blank\" rel=\"noopener\">Lire l&rsquo;article (PDF)<\/a><\/p>\n<h2 class=\"titre\">mRamadan, derniers jours d&rsquo;inscription !<\/h2>\n<p><a class=\"inscription\" style=\"width: 250px;\" href=\"\/?p=453\">Inscrivez-vous et recevez gratuitement les SMS de conseils Diab\u00e8te et Ramadan<\/a><\/p>\n<h2 class=\"titre\">23 Mai 2016 \u2013 lancement de la campagne mRamadan : \u00e9couter les spots radio<\/h2>\n<div class=\"wp-playlist wp-audio-playlist wp-playlist-light\">\n\t\t\t<div class=\"wp-playlist-current-item\"><\/div>\n\t\t<audio controls=\"controls\" preload=\"none\" width=\"698\"\n\t\t\t><\/audio>\n\t<div class=\"wp-playlist-next\"><\/div>\n\t<div class=\"wp-playlist-prev\"><\/div>\n\t<noscript>\n\t<ol>\n\t\t<li><a href='https:\/\/mdiabete.gouv.sn\/wp-content\/uploads\/MDIABETE_FR_2016-05-23.MP3'>MDIABETE_FR_2016-05-23<\/a><\/li><li><a href='https:\/\/mdiabete.gouv.sn\/wp-content\/uploads\/MDIABETE_WF_2016-05-23.MP3'>MDIABETE_WF_2016-05-23<\/a><\/li>\t<\/ol>\n\t<\/noscript>\n\t<script type=\"application\/json\" class=\"wp-playlist-script\">{\"type\":\"audio\",\"tracklist\":true,\"tracknumbers\":true,\"images\":true,\"artists\":true,\"tracks\":[{\"src\":\"https:\/\/mdiabete.gouv.sn\/wp-content\/uploads\/MDIABETE_FR_2016-05-23.MP3\",\"type\":\"audio\/mpeg\",\"title\":\"MDIABETE_FR_2016-05-23\",\"caption\":\"\",\"description\":\"\",\"meta\":{\"artist\":\"Campagne en Fran\\u00e7ais\",\"length_formatted\":\"1:19\"},\"image\":{\"src\":\"https:\/\/mdiabete.gouv.sn\/wp-includes\/images\/media\/audio.svg\",\"width\":48,\"height\":64},\"thumb\":{\"src\":\"https:\/\/mdiabete.gouv.sn\/wp-includes\/images\/media\/audio.svg\",\"width\":48,\"height\":64}},{\"src\":\"https:\/\/mdiabete.gouv.sn\/wp-content\/uploads\/MDIABETE_WF_2016-05-23.MP3\",\"type\":\"audio\/mpeg\",\"title\":\"MDIABETE_WF_2016-05-23\",\"caption\":\"\",\"description\":\"\",\"meta\":{\"artist\":\"Campagne en Wolof\",\"length_formatted\":\"1:29\"},\"image\":{\"src\":\"https:\/\/mdiabete.gouv.sn\/wp-includes\/images\/media\/audio.svg\",\"width\":48,\"height\":64},\"thumb\":{\"src\":\"https:\/\/mdiabete.gouv.sn\/wp-includes\/images\/media\/audio.svg\",\"width\":48,\"height\":64}}]}<\/script>\n<\/div>\n\t\n<h2 class=\"titre\">7 avril 2016 \u2013 la Journ\u00e9e mondiale de la Sant\u00e9 : le diab\u00e8te<\/h2>\n<p><img loading=\"lazy\" decoding=\"async\" class=\"alignnone size-medium wp-image-899\" style=\"float: left; padding-right: 10px; display: inline-block; width: 150px; height: auto;\" src=\"http:\/\/mdiabete.gouv.sn\/\/wp-content\/uploads\/2014\/11\/oms-300x287.png\" alt=\"oms\" width=\"300\" height=\"287\" srcset=\"https:\/\/mdiabete.gouv.sn\/wp-content\/uploads\/2014\/11\/oms-300x287.png 300w, https:\/\/mdiabete.gouv.sn\/wp-content\/uploads\/2014\/11\/oms.png 343w\" sizes=\"auto, (max-width: 300px) 100vw, 300px\" \/><\/p>\n<p>L&rsquo;OMS consacre au diab\u00e8te la prochaine Journ\u00e9e mondiale de la Sant\u00e9, c\u00e9l\u00e9br\u00e9e le 7 avril prochain car l&rsquo;\u00e9pid\u00e9mie progresse rapidement dans de nombreux pays. L\u2019exp\u00e9rience a montr\u00e9 que des mesures simples sont efficaces. Maintenir un poids normal, pratiquer r\u00e9guli\u00e8rement un exercice physique et une alimentation saine peuvent r\u00e9duire les risques.<\/p>\n<p>&nbsp;<\/p>\n<h2 class=\"titre\">Journ\u00e9e mondiale de la Sant\u00e9 : les activit\u00e9s au S\u00e9n\u00e9gal<\/h2>\n<p><img loading=\"lazy\" decoding=\"async\" class=\"alignnone size-full wp-image-906\" style=\"float: left; padding-right: 10px; display: inline-block; width: 100px; height: auto;\" src=\"http:\/\/mdiabete.gouv.sn\/\/wp-content\/uploads\/2014\/11\/assad.png\" alt=\"assad\" width=\"193\" height=\"193\" srcset=\"https:\/\/mdiabete.gouv.sn\/wp-content\/uploads\/2014\/11\/assad.png 193w, https:\/\/mdiabete.gouv.sn\/wp-content\/uploads\/2014\/11\/assad-150x150.png 150w\" sizes=\"auto, (max-width: 193px) 100vw, 193px\" \/><strong>Conf\u00e9rence de presse :<\/strong> l\u2019<strong>ASSAD<\/strong> vous invite \u00e0 la conf\u00e9rence de presse pr\u00e9vue ce JEUDI 07 avril 2016 \u00e0 partir de 10H au Centre Anti Diab\u00e8te Marc Sankal\u00e9 de L\u2019hopital Abass Ndao de Dakar.<\/p>\n<div class=\"wp-playlist wp-audio-playlist wp-playlist-light\">\n\t\t\t<div class=\"wp-playlist-current-item\"><\/div>\n\t\t<audio controls=\"controls\" preload=\"none\" width=\"698\"\n\t\t\t><\/audio>\n\t<div class=\"wp-playlist-next\"><\/div>\n\t<div class=\"wp-playlist-prev\"><\/div>\n\t<noscript>\n\t<ol>\n\t\t<li><a href='https:\/\/mdiabete.gouv.sn\/wp-content\/uploads\/2016\/04\/SPOT-Mdiabete-2016.mp3'>SPOT-Mdiabete-2016<\/a><\/li>\t<\/ol>\n\t<\/noscript>\n\t<script type=\"application\/json\" class=\"wp-playlist-script\">{\"type\":\"audio\",\"tracklist\":false,\"tracknumbers\":true,\"images\":false,\"artists\":false,\"tracks\":[{\"src\":\"https:\/\/mdiabete.gouv.sn\/wp-content\/uploads\/2016\/04\/SPOT-Mdiabete-2016.mp3\",\"type\":\"audio\/mpeg\",\"title\":\"SPOT-Mdiabete-2016\",\"caption\":\"\",\"description\":\"\\u003Ci\\u003ESPOT-Mdiabete-2016\\u003C\/i\\u003E.\",\"meta\":{\"length_formatted\":\"1:31\"},\"image\":{\"src\":\"https:\/\/mdiabete.gouv.sn\/wp-includes\/images\/media\/audio.svg\",\"width\":48,\"height\":64},\"thumb\":{\"src\":\"https:\/\/mdiabete.gouv.sn\/wp-includes\/images\/media\/audio.svg\",\"width\":48,\"height\":64}}]}<\/script>\n<\/div>\n\t\n<h2 class=\"titre\">\u00ab\u00a0UNIS CONTRE le DIABETE\u00a0\u00bb, le S\u00e9n\u00e9gal innove<\/h2>\n<p><img decoding=\"async\" style=\"float: left; padding-right: 15px;\" src=\"http:\/\/mdiabete.gouv.sn\/\/wp-content\/uploads\/Marque-Page-UNFM.jpg\" alt=\"Marque-Page-UNFM\" width=\"75\" \/><\/p>\n<p>Au niveau mondial la F\u00e9d\u00e9ration Internationale du Diab\u00e8te, recommande aux associations de patients de promouvoir la pr\u00e9vention du diab\u00e8te par l\u2019\u00e9ducation des populations ; c\u2019est dans ce cadre que l&rsquo;ASSAD s&rsquo;engage et encourage tous les diab\u00e9tiques, personnes \u00e0 risque et professionnels de sant\u00e9 \u00e0 adh\u00e9rer gratuitement au programme mDiab\u00e8te pour recevoir des SMS d&rsquo;informations et de conseils personnalis\u00e9s.<\/p>\n<p>\n Pour en savoir plus sur ce programme, pour b\u00e9n\u00e9ficier d&rsquo;un d\u00e9pistage, participez aux manifestation organis\u00e9es.<\/p>\n<p>&nbsp;<\/p>\n<p>Spot radio:<\/p>\n<audio class=\"wp-audio-shortcode\" id=\"audio-708-7\" preload=\"none\" style=\"width: 100%;\" controls=\"controls\"><source type=\"audio\/mpeg\" src=\"http:\/\/mdiabete.gouv.sn\/\/wp-content\/uploads\/M-DIABETE-2015.mp3?_=7\" \/><a href=\"http:\/\/mdiabete.gouv.sn\/\/wp-content\/uploads\/M-DIABETE-2015.mp3\">http:\/\/mdiabete.gouv.sn\/\/wp-content\/uploads\/M-DIABETE-2015.mp3<\/a><\/audio>\n<p><img decoding=\"async\" class=\"\" src=\"http:\/\/mdiabete.gouv.sn\/\/wp-content\/uploads\/programme.jpg\" alt=\"programme\" \/><\/p>\n<p><a class=\"inscription\" style=\"width: 250px;\" href=\"\/?p=453\">m-Diab\u00e8te : Inscrivez-vous au programme SMS de lutte contre le diab\u00e8te<\/a><\/p>\n<h2 class=\"titre\">Campagne m-Ramadan 2015<\/h2>\n<p><img loading=\"lazy\" decoding=\"async\" class=\"alignnone size-full wp-image-869\" src=\"http:\/\/mdiabete.gouv.sn\/\/wp-content\/uploads\/mramadan2015.jpg\" alt=\"mramadan2015\" width=\"720\" height=\"678\" \/><\/p>\n<h2 class=\"titre\">Campagne de SMS nutrition et diab\u00e8te<\/h2>\n<p><div class=\"sms_hp_contener\"><div class=\"sms_hp_titre\" style=\"background-color: #008540\">Professionnels de sant\u00e9<\/div><div class=\"sms_hp_msg\">D&eacute;finition 1: Nutrition : absorption, transformation et utilisation des aliments pour le maintien de la vie, la croissance et le fonctionnement des organes <\/div><\/div>\r<div class=\"sms_hp_contener\"><div class=\"sms_hp_titre\" style=\"background-color: #e31c23\">Diab\u00e9tiques et personnes \u00e0 risque<\/div><div class=\"sms_hp_msg\">En partie votre sant&eacute; est dans votre assiette. Lisez attentivement les SMS de recommandations du module nutrition<\/div><\/div>\r<\/p>\n<h2 class=\"titre\">Campagne SMS de pr\u00e9vention du diab\u00e8te<\/h2>\n<p><div class=\"sms_hp_contener\"><div class=\"sms_hp_titre\" style=\"background-color: #008540\">Education pour les non-diab\u00e9tiques<\/div><div class=\"sms_hp_msg\">Sur 100 personnes au S&eacute;n&eacute;gal, 4 &agrave; 6 sont diab&eacute;tiques, 2 &agrave; 3 ne le savent pas. Faites vous d&eacute;pister r&eacute;guli&egrave;rement.<\/div><a class=\"footer\" href=\"\/?page_id=640\">Lire la suite<\/a><\/div>\r<div class=\"sms_hp_contener\"><div class=\"sms_hp_titre\" style=\"background-color: #fdf042\">Education \u00e0 destination des diab\u00e9tiques<\/div><div class=\"sms_hp_msg\">On ne choisit pas d'avoir le diab&egrave;te mais on a le choix de faire ce qu'il faut pour le contr&ocirc;ler. J'apprends &agrave; mieux connaitre le diab&egrave;te.<\/div><a class=\"footer\" href=\"\/?page_id=769\">Lire la suite<\/a><\/div>\r<div class=\"sms_hp_contener\"><div class=\"sms_hp_titre\" style=\"background-color: #e31c23\">Education autour du pied diab\u00e9tique<\/div><div class=\"sms_hp_msg\">On ne choisit pas d'avoir le diab&egrave;te mais on a le choix de faire ce qu'il faut pour le contr&ocirc;ler. J'apprends &agrave; mieux connaitre le diab&egrave;te.<\/div><a class=\"footer\" href=\"\/?page_id=775\">Lire la suite<\/a><\/div>\r<div class=\"sms_hp_contener\"><div class=\"sms_hp_titre\" style=\"background-color: #0077b6\">Formation pour les professionnels de sant\u00e9<\/div><div class=\"sms_hp_msg\">D&eacute;finition du diab&egrave;te: Hyperglyc&eacute;mie chronique par d&eacute;ficit de s&eacute;cr&eacute;tion et\/ou d'action de l'insuline, li&eacute; &agrave; des facteurs g&eacute;n&eacute;tiques et\/ou d'environnement. <\/div><a class=\"footer\" href=\"\/?page_id=773\">Lire la suite<\/a><\/div>\r<\/p>\n<p>&nbsp;<\/p>\n<h2 class=\"titre\">Jeune Afrique : \u00ab\u00a0La m-sant\u00e9 tiendra-t-elle ses promesses en Afrique ?\u00a0\u00bb<\/h2>\n<p><img decoding=\"async\" style=\"width: 225px; background-color: white; border: solid 1px black; padding: 5px; margin: 5px; float: left;\" src=\"http:\/\/www.jeuneafrique.com\/medias\/2015\/02\/19\/dossiersant%C3%A9190315-592x296.jpg\" alt=\"\" width=\"175\" \/>Lundi 12 janvier Par Fanny Rey <br \/>\n Pr\u00e9vention des \u00e9pid\u00e9mies, lutte anticontrefa\u00e7on, suivi des patients&#8230; Les services sp\u00e9cialis\u00e9s sur mobile se multiplient. Mais leur d\u00e9faut de mod\u00e8le \u00e9conomique freine encore leur progression.<\/p>\n<p><a href=\"http:\/\/economie.jeuneafrique.com\/regions\/international-panafricain\/23791-la-m-sante-tiendra-t-elle-ses-promesses-en-afrique-.html\"><b>Lire l&rsquo;article<\/b><\/a><\/p>\n<h2 class=\"titre\">m-DIABETE : le mobile au centre de la lutte contre le diab\u00e8te<\/h2>\n<p>Le S\u00e9n\u00e9gal partenaire du programme \u00ab Be He@lthy Be Mobile \u00bb avec l\u2019OMS et ITU pour une utilisation du t\u00e9l\u00e9phone portable comme instrument de la lutte contre le diab\u00e8te.<\/p>\n<p style=\"text-align: left;\"><span style=\"font-size: large;\"><strong><a href=\"http:\/\/mdiabete.gouv.sn\/\/wp-content\/uploads\/2014\/07\/mramadan12.jpg\"><img loading=\"lazy\" decoding=\"async\" class=\"alignleft wp-image-605\" src=\"http:\/\/mdiabete.gouv.sn\/\/wp-content\/uploads\/2014\/07\/mramadan12-150x150.jpg\" alt=\"mramadan12\" width=\"83\" height=\"125\" srcset=\"https:\/\/mdiabete.gouv.sn\/wp-content\/uploads\/2014\/07\/mramadan12-199x300.jpg 199w, https:\/\/mdiabete.gouv.sn\/wp-content\/uploads\/2014\/07\/mramadan12.jpg 433w\" sizes=\"auto, (max-width: 83px) 100vw, 83px\" \/><\/a>\u00ab Un ambitieux programme de lutte contre le diab\u00e8te, qui va utiliser les technologies de l\u2019information et de la communication, on ne pouvait avoir meilleur exemple \u2026 \u00bb <\/strong><\/span><\/p>\n<p style=\"text-align: right;\"><strong>Pr. Awa Marie Coll-Sek<\/strong>, ministre s\u00e9n\u00e9galaise de la Sant\u00e9 et de l\u2019Action Sociale<\/p>\n<p>&nbsp;<\/p>\n<div style=\"width: 720px;\" class=\"wp-video\"><video class=\"wp-video-shortcode\" id=\"video-708-1\" width=\"720\" height=\"576\" preload=\"metadata\" controls=\"controls\"><source type=\"video\/mp4\" src=\"\/wp-content\/uploads\/201407233130AD-SENEGAL-MRAMADAN.mp4.mp4?_=1\" \/><a href=\"\/wp-content\/uploads\/201407233130AD-SENEGAL-MRAMADAN.mp4.mp4\">\/wp-content\/uploads\/201407233130AD-SENEGAL-MRAMADAN.mp4.mp4<\/a><\/video><\/div>\n<p>&nbsp;<\/p>\n","protected":false},"excerpt":{"rendered":"<p>Ecouter le spot radio de la campagne mRamadan 2021: En Wolof: En Fran\u00e7ais: Campagne mRamadan 2020 : un succ\u00e8s confirmm\u00e9 Ecouter le spot radio de [&hellip;]<\/p>\n","protected":false},"author":4,"featured_media":0,"parent":0,"menu_order":0,"comment_status":"closed","ping_status":"closed","template":"","meta":{"footnotes":""},"class_list":["post-708","page","type-page","status-publish","hentry","post"],"_links":{"self":[{"href":"https:\/\/mdiabete.gouv.sn\/index.php?rest_route=\/wp\/v2\/pages\/708","targetHints":{"allow":["GET"]}}],"collection":[{"href":"https:\/\/mdiabete.gouv.sn\/index.php?rest_route=\/wp\/v2\/pages"}],"about":[{"href":"https:\/\/mdiabete.gouv.sn\/index.php?rest_route=\/wp\/v2\/types\/page"}],"author":[{"embeddable":true,"href":"https:\/\/mdiabete.gouv.sn\/index.php?rest_route=\/wp\/v2\/users\/4"}],"replies":[{"embeddable":true,"href":"https:\/\/mdiabete.gouv.sn\/index.php?rest_route=%2Fwp%2Fv2%2Fcomments&post=708"}],"version-history":[{"count":151,"href":"https:\/\/mdiabete.gouv.sn\/index.php?rest_route=\/wp\/v2\/pages\/708\/revisions"}],"predecessor-version":[{"id":1027,"href":"https:\/\/mdiabete.gouv.sn\/index.php?rest_route=\/wp\/v2\/pages\/708\/revisions\/1027"}],"wp:attachment":[{"href":"https:\/\/mdiabete.gouv.sn\/index.php?rest_route=%2Fwp%2Fv2%2Fmedia&parent=708"}],"curies":[{"name":"wp","href":"https:\/\/api.w.org\/{rel}","templated":true}]}}